{"id":118,"date":"2026-04-25T08:55:56","date_gmt":"2026-04-25T08:55:56","guid":{"rendered":"https:\/\/armadorconstruction.com\/?page_id=118"},"modified":"2026-04-25T08:55:56","modified_gmt":"2026-04-25T08:55:56","slug":"projelerimiz","status":"publish","type":"page","link":"https:\/\/armadorconstruction.com\/?page_id=118","title":{"rendered":"Projelerimiz"},"content":{"rendered":"\n<figure class=\"wp-block-image size-large\"><img fetchpriority=\"high\" decoding=\"async\" width=\"1024\" height=\"576\" src=\"https:\/\/armadorconstruction.com\/wp-content\/uploads\/2026\/04\/o_5-Photo.jpg-adli-dosyanin-kopyasi-1024x576.jpg\" alt=\"\" class=\"wp-image-92\" srcset=\"https:\/\/armadorconstruction.com\/wp-content\/uploads\/2026\/04\/o_5-Photo.jpg-adli-dosyanin-kopyasi-1024x576.jpg 1024w, https:\/\/armadorconstruction.com\/wp-content\/uploads\/2026\/04\/o_5-Photo.jpg-adli-dosyanin-kopyasi-300x169.jpg 300w, https:\/\/armadorconstruction.com\/wp-content\/uploads\/2026\/04\/o_5-Photo.jpg-adli-dosyanin-kopyasi-768x432.jpg 768w, https:\/\/armadorconstruction.com\/wp-content\/uploads\/2026\/04\/o_5-Photo.jpg-adli-dosyanin-kopyasi-1536x864.jpg 1536w, https:\/\/armadorconstruction.com\/wp-content\/uploads\/2026\/04\/o_5-Photo.jpg-adli-dosyanin-kopyasi-2048x1152.jpg 2048w, https:\/\/armadorconstruction.com\/wp-content\/uploads\/2026\/04\/o_5-Photo.jpg-adli-dosyanin-kopyasi-18x10.jpg 18w\" sizes=\"(max-width: 1024px) 100vw, 1024px\" \/><\/figure>\n\n\n\n<figure class=\"wp-block-gallery has-nested-images columns-default is-cropped wp-block-gallery-1 is-layout-flex wp-block-gallery-is-layout-flex\">\n<figure class=\"wp-block-image size-large\"><img decoding=\"async\" width=\"1024\" height=\"576\" data-id=\"91\" src=\"https:\/\/armadorconstruction.com\/wp-content\/uploads\/2026\/04\/o_2-Photo.jpg-adli-dosyanin-kopyasi-1024x576.jpg\" alt=\"\" class=\"wp-image-91\" srcset=\"https:\/\/armadorconstruction.com\/wp-content\/uploads\/2026\/04\/o_2-Photo.jpg-adli-dosyanin-kopyasi-1024x576.jpg 1024w, https:\/\/armadorconstruction.com\/wp-content\/uploads\/2026\/04\/o_2-Photo.jpg-adli-dosyanin-kopyasi-300x169.jpg 300w, https:\/\/armadorconstruction.com\/wp-content\/uploads\/2026\/04\/o_2-Photo.jpg-adli-dosyanin-kopyasi-768x432.jpg 768w, https:\/\/armadorconstruction.com\/wp-content\/uploads\/2026\/04\/o_2-Photo.jpg-adli-dosyanin-kopyasi-1536x864.jpg 1536w, https:\/\/armadorconstruction.com\/wp-content\/uploads\/2026\/04\/o_2-Photo.jpg-adli-dosyanin-kopyasi-2048x1152.jpg 2048w, https:\/\/armadorconstruction.com\/wp-content\/uploads\/2026\/04\/o_2-Photo.jpg-adli-dosyanin-kopyasi-18x10.jpg 18w\" sizes=\"(max-width: 1024px) 100vw, 1024px\" \/><\/figure>\n\n\n\n<figure class=\"wp-block-image size-large\"><img decoding=\"async\" width=\"1024\" height=\"576\" data-id=\"90\" src=\"https:\/\/armadorconstruction.com\/wp-content\/uploads\/2026\/04\/o_4-Photo.jpg-adli-dosyanin-kopyasi-1024x576.jpg\" alt=\"\" class=\"wp-image-90\" srcset=\"https:\/\/armadorconstruction.com\/wp-content\/uploads\/2026\/04\/o_4-Photo.jpg-adli-dosyanin-kopyasi-1024x576.jpg 1024w, https:\/\/armadorconstruction.com\/wp-content\/uploads\/2026\/04\/o_4-Photo.jpg-adli-dosyanin-kopyasi-300x169.jpg 300w, https:\/\/armadorconstruction.com\/wp-content\/uploads\/2026\/04\/o_4-Photo.jpg-adli-dosyanin-kopyasi-768x432.jpg 768w, https:\/\/armadorconstruction.com\/wp-content\/uploads\/2026\/04\/o_4-Photo.jpg-adli-dosyanin-kopyasi-1536x864.jpg 1536w, https:\/\/armadorconstruction.com\/wp-content\/uploads\/2026\/04\/o_4-Photo.jpg-adli-dosyanin-kopyasi-2048x1152.jpg 2048w, https:\/\/armadorconstruction.com\/wp-content\/uploads\/2026\/04\/o_4-Photo.jpg-adli-dosyanin-kopyasi-18x10.jpg 18w\" sizes=\"(max-width: 1024px) 100vw, 1024px\" \/><\/figure>\n\n\n\n<figure class=\"wp-block-image size-large\"><img loading=\"lazy\" decoding=\"async\" width=\"1024\" height=\"576\" data-id=\"89\" src=\"https:\/\/armadorconstruction.com\/wp-content\/uploads\/2026\/04\/o_1-Photo.jpg-adli-dosyanin-kopyasi-1024x576.jpg\" alt=\"\" class=\"wp-image-89\" srcset=\"https:\/\/armadorconstruction.com\/wp-content\/uploads\/2026\/04\/o_1-Photo.jpg-adli-dosyanin-kopyasi-1024x576.jpg 1024w, https:\/\/armadorconstruction.com\/wp-content\/uploads\/2026\/04\/o_1-Photo.jpg-adli-dosyanin-kopyasi-300x169.jpg 300w, https:\/\/armadorconstruction.com\/wp-content\/uploads\/2026\/04\/o_1-Photo.jpg-adli-dosyanin-kopyasi-768x432.jpg 768w, https:\/\/armadorconstruction.com\/wp-content\/uploads\/2026\/04\/o_1-Photo.jpg-adli-dosyanin-kopyasi-1536x864.jpg 1536w, https:\/\/armadorconstruction.com\/wp-content\/uploads\/2026\/04\/o_1-Photo.jpg-adli-dosyanin-kopyasi-2048x1152.jpg 2048w, https:\/\/armadorconstruction.com\/wp-content\/uploads\/2026\/04\/o_1-Photo.jpg-adli-dosyanin-kopyasi-18x10.jpg 18w\" sizes=\"(max-width: 1024px) 100vw, 1024px\" \/><\/figure>\n\n\n\n<figure class=\"wp-block-image size-large\"><img loading=\"lazy\" decoding=\"async\" width=\"1024\" height=\"576\" data-id=\"88\" src=\"https:\/\/armadorconstruction.com\/wp-content\/uploads\/2026\/04\/o_3-Photo.jpg-adli-dosyanin-kopyasi-1024x576.jpg\" alt=\"\" class=\"wp-image-88\" srcset=\"https:\/\/armadorconstruction.com\/wp-content\/uploads\/2026\/04\/o_3-Photo.jpg-adli-dosyanin-kopyasi-1024x576.jpg 1024w, https:\/\/armadorconstruction.com\/wp-content\/uploads\/2026\/04\/o_3-Photo.jpg-adli-dosyanin-kopyasi-300x169.jpg 300w, https:\/\/armadorconstruction.com\/wp-content\/uploads\/2026\/04\/o_3-Photo.jpg-adli-dosyanin-kopyasi-768x432.jpg 768w, https:\/\/armadorconstruction.com\/wp-content\/uploads\/2026\/04\/o_3-Photo.jpg-adli-dosyanin-kopyasi-1536x864.jpg 1536w, https:\/\/armadorconstruction.com\/wp-content\/uploads\/2026\/04\/o_3-Photo.jpg-adli-dosyanin-kopyasi-2048x1152.jpg 2048w, https:\/\/armadorconstruction.com\/wp-content\/uploads\/2026\/04\/o_3-Photo.jpg-adli-dosyanin-kopyasi-18x10.jpg 18w\" sizes=\"(max-width: 1024px) 100vw, 1024px\" \/><\/figure>\n\n\n\n<figure class=\"wp-block-image size-large\"><img loading=\"lazy\" decoding=\"async\" width=\"1024\" height=\"683\" data-id=\"83\" src=\"https:\/\/armadorconstruction.com\/wp-content\/uploads\/2026\/04\/WhatsApp-Image-2026-04-06-at-17.08.57-3-1024x683.jpeg\" alt=\"\" class=\"wp-image-83\" srcset=\"https:\/\/armadorconstruction.com\/wp-content\/uploads\/2026\/04\/WhatsApp-Image-2026-04-06-at-17.08.57-3-1024x683.jpeg 1024w, https:\/\/armadorconstruction.com\/wp-content\/uploads\/2026\/04\/WhatsApp-Image-2026-04-06-at-17.08.57-3-300x200.jpeg 300w, https:\/\/armadorconstruction.com\/wp-content\/uploads\/2026\/04\/WhatsApp-Image-2026-04-06-at-17.08.57-3-768x512.jpeg 768w, https:\/\/armadorconstruction.com\/wp-content\/uploads\/2026\/04\/WhatsApp-Image-2026-04-06-at-17.08.57-3-18x12.jpeg 18w, https:\/\/armadorconstruction.com\/wp-content\/uploads\/2026\/04\/WhatsApp-Image-2026-04-06-at-17.08.57-3.jpeg 1536w\" sizes=\"(max-width: 1024px) 100vw, 1024px\" \/><\/figure>\n\n\n\n<figure class=\"wp-block-image size-large\"><img loading=\"lazy\" decoding=\"async\" width=\"1024\" height=\"576\" data-id=\"84\" src=\"https:\/\/armadorconstruction.com\/wp-content\/uploads\/2026\/04\/o_9-Photo.jpg-adli-dosyanin-kopyasi-1024x576.jpg\" alt=\"\" class=\"wp-image-84\" srcset=\"https:\/\/armadorconstruction.com\/wp-content\/uploads\/2026\/04\/o_9-Photo.jpg-adli-dosyanin-kopyasi-1024x576.jpg 1024w, https:\/\/armadorconstruction.com\/wp-content\/uploads\/2026\/04\/o_9-Photo.jpg-adli-dosyanin-kopyasi-300x169.jpg 300w, https:\/\/armadorconstruction.com\/wp-content\/uploads\/2026\/04\/o_9-Photo.jpg-adli-dosyanin-kopyasi-768x432.jpg 768w, https:\/\/armadorconstruction.com\/wp-content\/uploads\/2026\/04\/o_9-Photo.jpg-adli-dosyanin-kopyasi-1536x864.jpg 1536w, https:\/\/armadorconstruction.com\/wp-content\/uploads\/2026\/04\/o_9-Photo.jpg-adli-dosyanin-kopyasi-2048x1152.jpg 2048w, https:\/\/armadorconstruction.com\/wp-content\/uploads\/2026\/04\/o_9-Photo.jpg-adli-dosyanin-kopyasi-18x10.jpg 18w\" sizes=\"(max-width: 1024px) 100vw, 1024px\" \/><\/figure>\n\n\n\n<figure class=\"wp-block-image size-large\"><img loading=\"lazy\" decoding=\"async\" width=\"1024\" height=\"576\" data-id=\"85\" src=\"https:\/\/armadorconstruction.com\/wp-content\/uploads\/2026\/04\/o_6-Photo.jpg-adli-dosyanin-kopyasi-1024x576.jpg\" alt=\"\" class=\"wp-image-85\" srcset=\"https:\/\/armadorconstruction.com\/wp-content\/uploads\/2026\/04\/o_6-Photo.jpg-adli-dosyanin-kopyasi-1024x576.jpg 1024w, https:\/\/armadorconstruction.com\/wp-content\/uploads\/2026\/04\/o_6-Photo.jpg-adli-dosyanin-kopyasi-300x169.jpg 300w, https:\/\/armadorconstruction.com\/wp-content\/uploads\/2026\/04\/o_6-Photo.jpg-adli-dosyanin-kopyasi-768x432.jpg 768w, https:\/\/armadorconstruction.com\/wp-content\/uploads\/2026\/04\/o_6-Photo.jpg-adli-dosyanin-kopyasi-1536x864.jpg 1536w, https:\/\/armadorconstruction.com\/wp-content\/uploads\/2026\/04\/o_6-Photo.jpg-adli-dosyanin-kopyasi-2048x1152.jpg 2048w, https:\/\/armadorconstruction.com\/wp-content\/uploads\/2026\/04\/o_6-Photo.jpg-adli-dosyanin-kopyasi-18x10.jpg 18w\" sizes=\"(max-width: 1024px) 100vw, 1024px\" \/><\/figure>\n\n\n\n<figure class=\"wp-block-image size-large\"><img loading=\"lazy\" decoding=\"async\" width=\"1024\" height=\"576\" data-id=\"86\" src=\"https:\/\/armadorconstruction.com\/wp-content\/uploads\/2026\/04\/o_8-Photo-1.jpg-adli-dosyanin-kopyasi-1-1024x576.jpg\" alt=\"\" class=\"wp-image-86\" srcset=\"https:\/\/armadorconstruction.com\/wp-content\/uploads\/2026\/04\/o_8-Photo-1.jpg-adli-dosyanin-kopyasi-1-1024x576.jpg 1024w, https:\/\/armadorconstruction.com\/wp-content\/uploads\/2026\/04\/o_8-Photo-1.jpg-adli-dosyanin-kopyasi-1-300x169.jpg 300w, https:\/\/armadorconstruction.com\/wp-content\/uploads\/2026\/04\/o_8-Photo-1.jpg-adli-dosyanin-kopyasi-1-768x432.jpg 768w, https:\/\/armadorconstruction.com\/wp-content\/uploads\/2026\/04\/o_8-Photo-1.jpg-adli-dosyanin-kopyasi-1-1536x864.jpg 1536w, https:\/\/armadorconstruction.com\/wp-content\/uploads\/2026\/04\/o_8-Photo-1.jpg-adli-dosyanin-kopyasi-1-2048x1152.jpg 2048w, https:\/\/armadorconstruction.com\/wp-content\/uploads\/2026\/04\/o_8-Photo-1.jpg-adli-dosyanin-kopyasi-1-18x10.jpg 18w\" sizes=\"(max-width: 1024px) 100vw, 1024px\" \/><\/figure>\n\n\n\n<figure class=\"wp-block-image size-large\"><img loading=\"lazy\" decoding=\"async\" width=\"1024\" height=\"576\" data-id=\"87\" src=\"https:\/\/armadorconstruction.com\/wp-content\/uploads\/2026\/04\/o_7-Photo.jpg-adli-dosyanin-kopyasi-1024x576.jpg\" alt=\"\" class=\"wp-image-87\" srcset=\"https:\/\/armadorconstruction.com\/wp-content\/uploads\/2026\/04\/o_7-Photo.jpg-adli-dosyanin-kopyasi-1024x576.jpg 1024w, https:\/\/armadorconstruction.com\/wp-content\/uploads\/2026\/04\/o_7-Photo.jpg-adli-dosyanin-kopyasi-300x169.jpg 300w, https:\/\/armadorconstruction.com\/wp-content\/uploads\/2026\/04\/o_7-Photo.jpg-adli-dosyanin-kopyasi-768x432.jpg 768w, https:\/\/armadorconstruction.com\/wp-content\/uploads\/2026\/04\/o_7-Photo.jpg-adli-dosyanin-kopyasi-1536x864.jpg 1536w, https:\/\/armadorconstruction.com\/wp-content\/uploads\/2026\/04\/o_7-Photo.jpg-adli-dosyanin-kopyasi-2048x1152.jpg 2048w, https:\/\/armadorconstruction.com\/wp-content\/uploads\/2026\/04\/o_7-Photo.jpg-adli-dosyanin-kopyasi-18x10.jpg 18w\" sizes=\"(max-width: 1024px) 100vw, 1024px\" \/><\/figure>\n<\/figure>\n","protected":false},"excerpt":{"rendered":"","protected":false},"author":1,"featured_media":0,"parent":0,"menu_order":0,"comment_status":"closed","ping_status":"closed","template":"","meta":{"site-sidebar-layout":"default","site-content-layout":"","ast-site-content-layout":"default","site-content-style":"default","site-sidebar-style":"default","ast-global-header-display":"","ast-banner-title-visibility":"","ast-main-header-display":"","ast-hfb-above-header-display":"","ast-hfb-below-header-display":"","ast-hfb-mobile-header-display":"","site-post-title":"","ast-breadcrumbs-content":"","ast-featured-img":"","footer-sml-layout":"","ast-disable-related-posts":"","theme-transparent-header-meta":"","adv-header-id-meta":"","stick-header-meta":"","header-above-stick-meta":"","header-main-stick-meta":"","header-below-stick-meta":"","astra-migrate-meta-layouts":"default","ast-page-background-enabled":"default","ast-page-background-meta":{"desktop":{"background-color":"var(--ast-global-color-5)","background-image":"","background-repeat":"repeat","background-position":"center center","background-size":"auto","background-attachment":"scroll","background-type":"","background-media":"","overlay-type":"","overlay-color":"","overlay-opacity":"","overlay-gradient":""},"tablet":{"background-color":"","background-image":"","background-repeat":"repeat","background-position":"center center","background-size":"auto","background-attachment":"scroll","background-type":"","background-media":"","overlay-type":"","overlay-color":"","overlay-opacity":"","overlay-gradient":""},"mobile":{"background-color":"","background-image":"","background-repeat":"repeat","background-position":"center center","background-size":"auto","background-attachment":"scroll","background-type":"","background-media":"","overlay-type":"","overlay-color":"","overlay-opacity":"","overlay-gradient":""}},"ast-content-background-meta":{"desktop":{"background-color":"var(--ast-global-color-4)","background-image":"","background-repeat":"repeat","background-position":"center center","background-size":"auto","background-attachment":"scroll","background-type":"","background-media":"","overlay-type":"","overlay-color":"","overlay-opacity":"","overlay-gradient":""},"tablet":{"background-color":"var(--ast-global-color-4)","background-image":"","background-repeat":"repeat","background-position":"center center","background-size":"auto","background-attachment":"scroll","background-type":"","background-media":"","overlay-type":"","overlay-color":"","overlay-opacity":"","overlay-gradient":""},"mobile":{"background-color":"var(--ast-global-color-4)","background-image":"","background-repeat":"repeat","background-position":"center center","background-size":"auto","background-attachment":"scroll","background-type":"","background-media":"","overlay-type":"","overlay-color":"","overlay-opacity":"","overlay-gradient":""}},"footnotes":""},"class_list":["post-118","page","type-page","status-publish","hentry"],"yoast_head":"<!-- This site is optimized with the Yoast SEO plugin v27.4 - https:\/\/yoast.com\/product\/yoast-seo-wordpress\/ -->\n<title>Projelerimiz - Armador construction<\/title>\n<meta name=\"robots\" content=\"index, follow, max-snippet:-1, max-image-preview:large, max-video-preview:-1\" \/>\n<link rel=\"canonical\" href=\"https:\/\/armadorconstruction.com\/?page_id=118\" \/>\n<meta property=\"og:locale\" content=\"en_US\" \/>\n<meta property=\"og:type\" content=\"article\" \/>\n<meta property=\"og:title\" content=\"Projelerimiz - Armador construction\" \/>\n<meta property=\"og:url\" content=\"https:\/\/armadorconstruction.com\/?page_id=118\" \/>\n<meta property=\"og:site_name\" content=\"Armador construction\" \/>\n<meta property=\"og:image\" content=\"https:\/\/armadorconstruction.com\/wp-content\/uploads\/2026\/04\/o_5-Photo.jpg-adli-dosyanin-kopyasi-scaled.jpg\" \/>\n\t<meta property=\"og:image:width\" content=\"2560\" \/>\n\t<meta property=\"og:image:height\" content=\"1440\" \/>\n\t<meta property=\"og:image:type\" content=\"image\/jpeg\" \/>\n<meta name=\"twitter:card\" content=\"summary_large_image\" \/>\n<meta name=\"twitter:label1\" content=\"Est. reading time\" \/>\n\t<meta name=\"twitter:data1\" content=\"2 minutes\" \/>\n<script type=\"application\/ld+json\" class=\"yoast-schema-graph\">{\"@context\":\"https:\\\/\\\/schema.org\",\"@graph\":[{\"@type\":\"WebPage\",\"@id\":\"https:\\\/\\\/armadorconstruction.com\\\/?page_id=118\",\"url\":\"https:\\\/\\\/armadorconstruction.com\\\/?page_id=118\",\"name\":\"Projelerimiz - Armador construction\",\"isPartOf\":{\"@id\":\"https:\\\/\\\/armadorconstruction.com\\\/#website\"},\"primaryImageOfPage\":{\"@id\":\"https:\\\/\\\/armadorconstruction.com\\\/?page_id=118#primaryimage\"},\"image\":{\"@id\":\"https:\\\/\\\/armadorconstruction.com\\\/?page_id=118#primaryimage\"},\"thumbnailUrl\":\"https:\\\/\\\/armadorconstruction.com\\\/wp-content\\\/uploads\\\/2026\\\/04\\\/o_5-Photo.jpg-adli-dosyanin-kopyasi-1024x576.jpg\",\"datePublished\":\"2026-04-25T08:55:56+00:00\",\"breadcrumb\":{\"@id\":\"https:\\\/\\\/armadorconstruction.com\\\/?page_id=118#breadcrumb\"},\"inLanguage\":\"en-US\",\"potentialAction\":[{\"@type\":\"ReadAction\",\"target\":[\"https:\\\/\\\/armadorconstruction.com\\\/?page_id=118\"]}]},{\"@type\":\"ImageObject\",\"inLanguage\":\"en-US\",\"@id\":\"https:\\\/\\\/armadorconstruction.com\\\/?page_id=118#primaryimage\",\"url\":\"https:\\\/\\\/armadorconstruction.com\\\/wp-content\\\/uploads\\\/2026\\\/04\\\/o_5-Photo.jpg-adli-dosyanin-kopyasi-scaled.jpg\",\"contentUrl\":\"https:\\\/\\\/armadorconstruction.com\\\/wp-content\\\/uploads\\\/2026\\\/04\\\/o_5-Photo.jpg-adli-dosyanin-kopyasi-scaled.jpg\",\"width\":2560,\"height\":1440},{\"@type\":\"BreadcrumbList\",\"@id\":\"https:\\\/\\\/armadorconstruction.com\\\/?page_id=118#breadcrumb\",\"itemListElement\":[{\"@type\":\"ListItem\",\"position\":1,\"name\":\"Home\",\"item\":\"https:\\\/\\\/armadorconstruction.com\\\/\"},{\"@type\":\"ListItem\",\"position\":2,\"name\":\"Projelerimiz\"}]},{\"@type\":\"WebSite\",\"@id\":\"https:\\\/\\\/armadorconstruction.com\\\/#website\",\"url\":\"https:\\\/\\\/armadorconstruction.com\\\/\",\"name\":\"Armador construction\",\"description\":\"+25 y\u0131l\u0131 a\u015fk\u0131n s\u00fcredir hizmetinizde.\",\"publisher\":{\"@id\":\"https:\\\/\\\/armadorconstruction.com\\\/#organization\"},\"potentialAction\":[{\"@type\":\"SearchAction\",\"target\":{\"@type\":\"EntryPoint\",\"urlTemplate\":\"https:\\\/\\\/armadorconstruction.com\\\/?s={search_term_string}\"},\"query-input\":{\"@type\":\"PropertyValueSpecification\",\"valueRequired\":true,\"valueName\":\"search_term_string\"}}],\"inLanguage\":\"en-US\"},{\"@type\":\"Organization\",\"@id\":\"https:\\\/\\\/armadorconstruction.com\\\/#organization\",\"name\":\"Armador construction\",\"url\":\"https:\\\/\\\/armadorconstruction.com\\\/\",\"logo\":{\"@type\":\"ImageObject\",\"inLanguage\":\"en-US\",\"@id\":\"https:\\\/\\\/armadorconstruction.com\\\/#\\\/schema\\\/logo\\\/image\\\/\",\"url\":\"https:\\\/\\\/armadorconstruction.com\\\/wp-content\\\/uploads\\\/2026\\\/04\\\/cropped-logo-1.png\",\"contentUrl\":\"https:\\\/\\\/armadorconstruction.com\\\/wp-content\\\/uploads\\\/2026\\\/04\\\/cropped-logo-1.png\",\"width\":700,\"height\":550,\"caption\":\"Armador construction\"},\"image\":{\"@id\":\"https:\\\/\\\/armadorconstruction.com\\\/#\\\/schema\\\/logo\\\/image\\\/\"}}]}<\/script>\n<!-- \/ Yoast SEO plugin. -->","yoast_head_json":{"title":"Projelerimiz - Armador construction","robots":{"index":"index","follow":"follow","max-snippet":"max-snippet:-1","max-image-preview":"max-image-preview:large","max-video-preview":"max-video-preview:-1"},"canonical":"https:\/\/armadorconstruction.com\/?page_id=118","og_locale":"en_US","og_type":"article","og_title":"Projelerimiz - Armador construction","og_url":"https:\/\/armadorconstruction.com\/?page_id=118","og_site_name":"Armador construction","og_image":[{"width":2560,"height":1440,"url":"https:\/\/armadorconstruction.com\/wp-content\/uploads\/2026\/04\/o_5-Photo.jpg-adli-dosyanin-kopyasi-scaled.jpg","type":"image\/jpeg"}],"twitter_card":"summary_large_image","twitter_misc":{"Est. reading time":"2 minutes"},"schema":{"@context":"https:\/\/schema.org","@graph":[{"@type":"WebPage","@id":"https:\/\/armadorconstruction.com\/?page_id=118","url":"https:\/\/armadorconstruction.com\/?page_id=118","name":"Projelerimiz - Armador construction","isPartOf":{"@id":"https:\/\/armadorconstruction.com\/#website"},"primaryImageOfPage":{"@id":"https:\/\/armadorconstruction.com\/?page_id=118#primaryimage"},"image":{"@id":"https:\/\/armadorconstruction.com\/?page_id=118#primaryimage"},"thumbnailUrl":"https:\/\/armadorconstruction.com\/wp-content\/uploads\/2026\/04\/o_5-Photo.jpg-adli-dosyanin-kopyasi-1024x576.jpg","datePublished":"2026-04-25T08:55:56+00:00","breadcrumb":{"@id":"https:\/\/armadorconstruction.com\/?page_id=118#breadcrumb"},"inLanguage":"en-US","potentialAction":[{"@type":"ReadAction","target":["https:\/\/armadorconstruction.com\/?page_id=118"]}]},{"@type":"ImageObject","inLanguage":"en-US","@id":"https:\/\/armadorconstruction.com\/?page_id=118#primaryimage","url":"https:\/\/armadorconstruction.com\/wp-content\/uploads\/2026\/04\/o_5-Photo.jpg-adli-dosyanin-kopyasi-scaled.jpg","contentUrl":"https:\/\/armadorconstruction.com\/wp-content\/uploads\/2026\/04\/o_5-Photo.jpg-adli-dosyanin-kopyasi-scaled.jpg","width":2560,"height":1440},{"@type":"BreadcrumbList","@id":"https:\/\/armadorconstruction.com\/?page_id=118#breadcrumb","itemListElement":[{"@type":"ListItem","position":1,"name":"Home","item":"https:\/\/armadorconstruction.com\/"},{"@type":"ListItem","position":2,"name":"Projelerimiz"}]},{"@type":"WebSite","@id":"https:\/\/armadorconstruction.com\/#website","url":"https:\/\/armadorconstruction.com\/","name":"Armador construction","description":"+25 y\u0131l\u0131 a\u015fk\u0131n s\u00fcredir hizmetinizde.","publisher":{"@id":"https:\/\/armadorconstruction.com\/#organization"},"potentialAction":[{"@type":"SearchAction","target":{"@type":"EntryPoint","urlTemplate":"https:\/\/armadorconstruction.com\/?s={search_term_string}"},"query-input":{"@type":"PropertyValueSpecification","valueRequired":true,"valueName":"search_term_string"}}],"inLanguage":"en-US"},{"@type":"Organization","@id":"https:\/\/armadorconstruction.com\/#organization","name":"Armador construction","url":"https:\/\/armadorconstruction.com\/","logo":{"@type":"ImageObject","inLanguage":"en-US","@id":"https:\/\/armadorconstruction.com\/#\/schema\/logo\/image\/","url":"https:\/\/armadorconstruction.com\/wp-content\/uploads\/2026\/04\/cropped-logo-1.png","contentUrl":"https:\/\/armadorconstruction.com\/wp-content\/uploads\/2026\/04\/cropped-logo-1.png","width":700,"height":550,"caption":"Armador construction"},"image":{"@id":"https:\/\/armadorconstruction.com\/#\/schema\/logo\/image\/"}}]}},"brizy_media":[],"_links":{"self":[{"href":"https:\/\/armadorconstruction.com\/index.php?rest_route=\/wp\/v2\/pages\/118","targetHints":{"allow":["GET"]}}],"collection":[{"href":"https:\/\/armadorconstruction.com\/index.php?rest_route=\/wp\/v2\/pages"}],"about":[{"href":"https:\/\/armadorconstruction.com\/index.php?rest_route=\/wp\/v2\/types\/page"}],"author":[{"embeddable":true,"href":"https:\/\/armadorconstruction.com\/index.php?rest_route=\/wp\/v2\/users\/1"}],"replies":[{"embeddable":true,"href":"https:\/\/armadorconstruction.com\/index.php?rest_route=%2Fwp%2Fv2%2Fcomments&post=118"}],"version-history":[{"count":1,"href":"https:\/\/armadorconstruction.com\/index.php?rest_route=\/wp\/v2\/pages\/118\/revisions"}],"predecessor-version":[{"id":119,"href":"https:\/\/armadorconstruction.com\/index.php?rest_route=\/wp\/v2\/pages\/118\/revisions\/119"}],"wp:attachment":[{"href":"https:\/\/armadorconstruction.com\/index.php?rest_route=%2Fwp%2Fv2%2Fmedia&parent=118"}],"curies":[{"name":"wp","href":"https:\/\/api.w.org\/{rel}","templated":true}]}}