{"id":28,"date":"2026-04-24T11:36:31","date_gmt":"2026-04-24T11:36:31","guid":{"rendered":"https:\/\/armadorconstruction.com\/?page_id=28"},"modified":"2026-04-24T11:36:31","modified_gmt":"2026-04-24T11:36:31","slug":"ana-sayfa","status":"publish","type":"page","link":"https:\/\/armadorconstruction.com\/","title":{"rendered":"Ana Sayfa"},"content":{"rendered":"","protected":false},"excerpt":{"rendered":"","protected":false},"author":1,"featured_media":0,"parent":0,"menu_order":0,"comment_status":"closed","ping_status":"closed","template":"","meta":{"footnotes":""},"class_list":["post-28","page","type-page","status-publish","hentry"],"yoast_head":"<!-- This site is optimized with the Yoast SEO plugin v27.4 - https:\/\/yoast.com\/product\/yoast-seo-wordpress\/ -->\n<title>Ana Sayfa - Armador construction<\/title>\n<meta name=\"robots\" content=\"index, follow, max-snippet:-1, max-image-preview:large, max-video-preview:-1\" \/>\n<link rel=\"canonical\" href=\"https:\/\/armadorconstruction.com\/\" \/>\n<meta property=\"og:locale\" content=\"en_US\" \/>\n<meta property=\"og:type\" content=\"article\" \/>\n<meta property=\"og:title\" content=\"Ana Sayfa - Armador construction\" \/>\n<meta property=\"og:url\" content=\"https:\/\/armadorconstruction.com\/\" \/>\n<meta property=\"og:site_name\" content=\"Armador construction\" \/>\n<meta name=\"twitter:card\" content=\"summary_large_image\" \/>\n<script type=\"application\/ld+json\" class=\"yoast-schema-graph\">{\"@context\":\"https:\\\/\\\/schema.org\",\"@graph\":[{\"@type\":\"WebPage\",\"@id\":\"https:\\\/\\\/armadorconstruction.com\\\/\",\"url\":\"https:\\\/\\\/armadorconstruction.com\\\/\",\"name\":\"Ana Sayfa - Armador construction\",\"isPartOf\":{\"@id\":\"https:\\\/\\\/armadorconstruction.com\\\/#website\"},\"datePublished\":\"2026-04-24T11:36:31+00:00\",\"breadcrumb\":{\"@id\":\"https:\\\/\\\/armadorconstruction.com\\\/#breadcrumb\"},\"inLanguage\":\"en-US\",\"potentialAction\":[{\"@type\":\"ReadAction\",\"target\":[\"https:\\\/\\\/armadorconstruction.com\\\/\"]}]},{\"@type\":\"BreadcrumbList\",\"@id\":\"https:\\\/\\\/armadorconstruction.com\\\/#breadcrumb\",\"itemListElement\":[{\"@type\":\"ListItem\",\"position\":1,\"name\":\"Home\",\"item\":\"https:\\\/\\\/armadorconstruction.com\\\/\"},{\"@type\":\"ListItem\",\"position\":2,\"name\":\"Ana Sayfa\"}]},{\"@type\":\"WebSite\",\"@id\":\"https:\\\/\\\/armadorconstruction.com\\\/#website\",\"url\":\"https:\\\/\\\/armadorconstruction.com\\\/\",\"name\":\"Armador construction\",\"description\":\"+25 y\u0131l\u0131 a\u015fk\u0131n s\u00fcredir hizmetinizde.\",\"publisher\":{\"@id\":\"https:\\\/\\\/armadorconstruction.com\\\/#organization\"},\"potentialAction\":[{\"@type\":\"SearchAction\",\"target\":{\"@type\":\"EntryPoint\",\"urlTemplate\":\"https:\\\/\\\/armadorconstruction.com\\\/?s={search_term_string}\"},\"query-input\":{\"@type\":\"PropertyValueSpecification\",\"valueRequired\":true,\"valueName\":\"search_term_string\"}}],\"inLanguage\":\"en-US\"},{\"@type\":\"Organization\",\"@id\":\"https:\\\/\\\/armadorconstruction.com\\\/#organization\",\"name\":\"Armador construction\",\"url\":\"https:\\\/\\\/armadorconstruction.com\\\/\",\"logo\":{\"@type\":\"ImageObject\",\"inLanguage\":\"en-US\",\"@id\":\"https:\\\/\\\/armadorconstruction.com\\\/#\\\/schema\\\/logo\\\/image\\\/\",\"url\":\"https:\\\/\\\/armadorconstruction.com\\\/wp-content\\\/uploads\\\/2026\\\/04\\\/cropped-logo-1.png\",\"contentUrl\":\"https:\\\/\\\/armadorconstruction.com\\\/wp-content\\\/uploads\\\/2026\\\/04\\\/cropped-logo-1.png\",\"width\":700,\"height\":550,\"caption\":\"Armador construction\"},\"image\":{\"@id\":\"https:\\\/\\\/armadorconstruction.com\\\/#\\\/schema\\\/logo\\\/image\\\/\"}}]}<\/script>\n<!-- \/ Yoast SEO plugin. -->","yoast_head_json":{"title":"Ana Sayfa - Armador construction","robots":{"index":"index","follow":"follow","max-snippet":"max-snippet:-1","max-image-preview":"max-image-preview:large","max-video-preview":"max-video-preview:-1"},"canonical":"https:\/\/armadorconstruction.com\/","og_locale":"en_US","og_type":"article","og_title":"Ana Sayfa - Armador construction","og_url":"https:\/\/armadorconstruction.com\/","og_site_name":"Armador construction","twitter_card":"summary_large_image","schema":{"@context":"https:\/\/schema.org","@graph":[{"@type":"WebPage","@id":"https:\/\/armadorconstruction.com\/","url":"https:\/\/armadorconstruction.com\/","name":"Ana Sayfa - Armador construction","isPartOf":{"@id":"https:\/\/armadorconstruction.com\/#website"},"datePublished":"2026-04-24T11:36:31+00:00","breadcrumb":{"@id":"https:\/\/armadorconstruction.com\/#breadcrumb"},"inLanguage":"en-US","potentialAction":[{"@type":"ReadAction","target":["https:\/\/armadorconstruction.com\/"]}]},{"@type":"BreadcrumbList","@id":"https:\/\/armadorconstruction.com\/#breadcrumb","itemListElement":[{"@type":"ListItem","position":1,"name":"Home","item":"https:\/\/armadorconstruction.com\/"},{"@type":"ListItem","position":2,"name":"Ana Sayfa"}]},{"@type":"WebSite","@id":"https:\/\/armadorconstruction.com\/#website","url":"https:\/\/armadorconstruction.com\/","name":"Armador construction","description":"+25 y\u0131l\u0131 a\u015fk\u0131n s\u00fcredir hizmetinizde.","publisher":{"@id":"https:\/\/armadorconstruction.com\/#organization"},"potentialAction":[{"@type":"SearchAction","target":{"@type":"EntryPoint","urlTemplate":"https:\/\/armadorconstruction.com\/?s={search_term_string}"},"query-input":{"@type":"PropertyValueSpecification","valueRequired":true,"valueName":"search_term_string"}}],"inLanguage":"en-US"},{"@type":"Organization","@id":"https:\/\/armadorconstruction.com\/#organization","name":"Armador construction","url":"https:\/\/armadorconstruction.com\/","logo":{"@type":"ImageObject","inLanguage":"en-US","@id":"https:\/\/armadorconstruction.com\/#\/schema\/logo\/image\/","url":"https:\/\/armadorconstruction.com\/wp-content\/uploads\/2026\/04\/cropped-logo-1.png","contentUrl":"https:\/\/armadorconstruction.com\/wp-content\/uploads\/2026\/04\/cropped-logo-1.png","width":700,"height":550,"caption":"Armador construction"},"image":{"@id":"https:\/\/armadorconstruction.com\/#\/schema\/logo\/image\/"}}]}},"brizy_media":[],"_links":{"self":[{"href":"https:\/\/armadorconstruction.com\/index.php?rest_route=\/wp\/v2\/pages\/28","targetHints":{"allow":["GET"]}}],"collection":[{"href":"https:\/\/armadorconstruction.com\/index.php?rest_route=\/wp\/v2\/pages"}],"about":[{"href":"https:\/\/armadorconstruction.com\/index.php?rest_route=\/wp\/v2\/types\/page"}],"author":[{"embeddable":true,"href":"https:\/\/armadorconstruction.com\/index.php?rest_route=\/wp\/v2\/users\/1"}],"replies":[{"embeddable":true,"href":"https:\/\/armadorconstruction.com\/index.php?rest_route=%2Fwp%2Fv2%2Fcomments&post=28"}],"version-history":[{"count":0,"href":"https:\/\/armadorconstruction.com\/index.php?rest_route=\/wp\/v2\/pages\/28\/revisions"}],"wp:attachment":[{"href":"https:\/\/armadorconstruction.com\/index.php?rest_route=%2Fwp%2Fv2%2Fmedia&parent=28"}],"curies":[{"name":"wp","href":"https:\/\/api.w.org\/{rel}","templated":true}]}}