{"id":295,"date":"2026-04-28T10:35:49","date_gmt":"2026-04-28T10:35:49","guid":{"rendered":"https:\/\/armadorconstruction.com\/?page_id=295"},"modified":"2026-04-28T10:40:18","modified_gmt":"2026-04-28T10:40:18","slug":"biz-kimiz-2","status":"publish","type":"page","link":"https:\/\/armadorconstruction.com\/","title":{"rendered":"Biz kimiz?"},"content":{"rendered":"\n<h2 class=\"wp-block-heading\">\u00c7eyrek As\u0131rl\u0131k Tecr\u00fcbe, S\u0131n\u0131rlar\u0131 A\u015fan G\u00fcven<\/h2>\n\n\n\n<p><strong>Serdar Aky\u00fcz<\/strong> liderli\u011finde temelleri at\u0131lan firmam\u0131z, in\u015faat sekt\u00f6r\u00fcndeki <strong>25 y\u0131l\u0131 a\u015fk\u0131n<\/strong> yolculu\u011funa bug\u00fcn ilk g\u00fcnk\u00fc heyecan ve k\u00f6kl\u00fc bir aile gelene\u011fiyle devam ediyor. Ankara\u2019n\u0131n disiplinli \u00e7al\u0131\u015fma k\u00fclt\u00fcr\u00fcn\u00fc, Kuzey K\u0131br\u0131s\u2019\u0131n e\u015fsiz do\u011fas\u0131yla bulu\u015fturan vizyonumuzla, sadece binalar de\u011fil, nesiller boyu s\u00fcrecek ya\u015fam alanlar\u0131 in\u015fa ediyoruz.<\/p>\n\n\n\n<p><strong>Babadan O\u011fula Ge\u00e7en Bir Miras<\/strong> M\u00fcteahhitli\u011fi sadece bir meslek de\u011fil, bir aile miras\u0131 olarak g\u00f6r\u00fcyoruz. Ku\u015faktan ku\u015fa\u011fa aktar\u0131lan bu d\u00fcr\u00fcstl\u00fck ve kalite anlay\u0131\u015f\u0131, her projemizin temelindeki en g\u00fc\u00e7l\u00fc har\u00e7t\u0131r.<\/p>\n\n\n\n<p><strong>K\u0131br\u0131s&#8217;\u0131n Her Noktas\u0131nda \u0130mzam\u0131z Var<\/strong> Bug\u00fcn Kuzey K\u0131br\u0131s\u2019\u0131n d\u00f6rt bir yan\u0131na yay\u0131lan geni\u015f faaliyet a\u011f\u0131m\u0131zla; <strong>Girne, Lefko\u015fa, Esentepe, Lapta, Ge\u00e7itkale ve Alsancak<\/strong> b\u00f6lgelerinde modern, estetik ve g\u00fcvenli yap\u0131lar y\u00fckseltmeye devam ediyoruz.<\/p>\n\n\n\n<figure class=\"wp-block-embed is-type-video is-provider-youtube wp-block-embed-youtube wp-embed-aspect-16-9 wp-has-aspect-ratio\"><div class=\"wp-block-embed__wrapper\">\n<iframe title=\"Anadolu \u0130n\u015faat Y\u00f6netim Kurulu \u00dcyesi Serdar Aky\u00fcz Bey&#039;e Soruyoruz\" width=\"500\" height=\"281\" src=\"https:\/\/www.youtube.com\/embed\/kIsFSiCOtxA?feature=oembed\" frameborder=\"0\" allow=\"accelerometer; autoplay; clipboard-write; encrypted-media; gyroscope; picture-in-picture; web-share\" referrerpolicy=\"strict-origin-when-cross-origin\" allowfullscreen><\/iframe>\n<\/div><\/figure>\n","protected":false},"excerpt":{"rendered":"<p>\u00c7eyrek As\u0131rl\u0131k Tecr\u00fcbe, S\u0131n\u0131rlar\u0131 A\u015fan G\u00fcven Serdar Aky\u00fcz liderli\u011finde temelleri at\u0131lan firmam\u0131z, in\u015faat sekt\u00f6r\u00fcndeki 25 y\u0131l\u0131 a\u015fk\u0131n yolculu\u011funa bug\u00fcn ilk [&hellip;]<\/p>\n","protected":false},"author":1,"featured_media":0,"parent":0,"menu_order":0,"comment_status":"closed","ping_status":"closed","template":"","meta":{"site-sidebar-layout":"default","site-content-layout":"","ast-site-content-layout":"default","site-content-style":"default","site-sidebar-style":"default","ast-global-header-display":"","ast-banner-title-visibility":"","ast-main-header-display":"","ast-hfb-above-header-display":"","ast-hfb-below-header-display":"","ast-hfb-mobile-header-display":"","site-post-title":"","ast-breadcrumbs-content":"","ast-featured-img":"","footer-sml-layout":"","ast-disable-related-posts":"","theme-transparent-header-meta":"","adv-header-id-meta":"","stick-header-meta":"","header-above-stick-meta":"","header-main-stick-meta":"","header-below-stick-meta":"","astra-migrate-meta-layouts":"default","ast-page-background-enabled":"default","ast-page-background-meta":{"desktop":{"background-color":"var(--ast-global-color-5)","background-image":"","background-repeat":"repeat","background-position":"center center","background-size":"auto","background-attachment":"scroll","background-type":"","background-media":"","overlay-type":"","overlay-color":"","overlay-opacity":"","overlay-gradient":""},"tablet":{"background-color":"","background-image":"","background-repeat":"repeat","background-position":"center center","background-size":"auto","background-attachment":"scroll","background-type":"","background-media":"","overlay-type":"","overlay-color":"","overlay-opacity":"","overlay-gradient":""},"mobile":{"background-color":"","background-image":"","background-repeat":"repeat","background-position":"center center","background-size":"auto","background-attachment":"scroll","background-type":"","background-media":"","overlay-type":"","overlay-color":"","overlay-opacity":"","overlay-gradient":""}},"ast-content-background-meta":{"desktop":{"background-color":"var(--ast-global-color-4)","background-image":"","background-repeat":"repeat","background-position":"center center","background-size":"auto","background-attachment":"scroll","background-type":"","background-media":"","overlay-type":"","overlay-color":"","overlay-opacity":"","overlay-gradient":""},"tablet":{"background-color":"var(--ast-global-color-4)","background-image":"","background-repeat":"repeat","background-position":"center center","background-size":"auto","background-attachment":"scroll","background-type":"","background-media":"","overlay-type":"","overlay-color":"","overlay-opacity":"","overlay-gradient":""},"mobile":{"background-color":"var(--ast-global-color-4)","background-image":"","background-repeat":"repeat","background-position":"center center","background-size":"auto","background-attachment":"scroll","background-type":"","background-media":"","overlay-type":"","overlay-color":"","overlay-opacity":"","overlay-gradient":""}},"footnotes":""},"class_list":["post-295","page","type-page","status-publish","hentry"],"yoast_head":"<!-- This site is optimized with the Yoast SEO plugin v27.5 - https:\/\/yoast.com\/product\/yoast-seo-wordpress\/ -->\n<title>Biz kimiz? - Armador construction<\/title>\n<meta name=\"robots\" content=\"index, follow, max-snippet:-1, max-image-preview:large, max-video-preview:-1\" \/>\n<link rel=\"canonical\" href=\"https:\/\/armadorconstruction.com\/\" \/>\n<meta property=\"og:locale\" content=\"en_US\" \/>\n<meta property=\"og:type\" content=\"article\" \/>\n<meta property=\"og:title\" content=\"Biz kimiz? - Armador construction\" \/>\n<meta property=\"og:description\" content=\"\u00c7eyrek As\u0131rl\u0131k Tecr\u00fcbe, S\u0131n\u0131rlar\u0131 A\u015fan G\u00fcven Serdar Aky\u00fcz liderli\u011finde temelleri at\u0131lan firmam\u0131z, in\u015faat sekt\u00f6r\u00fcndeki 25 y\u0131l\u0131 a\u015fk\u0131n yolculu\u011funa bug\u00fcn ilk [&hellip;]\" \/>\n<meta property=\"og:url\" content=\"https:\/\/armadorconstruction.com\/\" \/>\n<meta property=\"og:site_name\" content=\"Armador construction\" \/>\n<meta property=\"article:modified_time\" content=\"2026-04-28T10:40:18+00:00\" \/>\n<meta name=\"twitter:card\" content=\"summary_large_image\" \/>\n<script type=\"application\/ld+json\" class=\"yoast-schema-graph\">{\"@context\":\"https:\\\/\\\/schema.org\",\"@graph\":[{\"@type\":\"WebPage\",\"@id\":\"https:\\\/\\\/armadorconstruction.com\\\/\",\"url\":\"https:\\\/\\\/armadorconstruction.com\\\/\",\"name\":\"Biz kimiz? - Armador construction\",\"isPartOf\":{\"@id\":\"https:\\\/\\\/armadorconstruction.com\\\/#website\"},\"datePublished\":\"2026-04-28T10:35:49+00:00\",\"dateModified\":\"2026-04-28T10:40:18+00:00\",\"breadcrumb\":{\"@id\":\"https:\\\/\\\/armadorconstruction.com\\\/#breadcrumb\"},\"inLanguage\":\"en-US\",\"potentialAction\":[{\"@type\":\"ReadAction\",\"target\":[\"https:\\\/\\\/armadorconstruction.com\\\/\"]}]},{\"@type\":\"BreadcrumbList\",\"@id\":\"https:\\\/\\\/armadorconstruction.com\\\/#breadcrumb\",\"itemListElement\":[{\"@type\":\"ListItem\",\"position\":1,\"name\":\"Home\",\"item\":\"https:\\\/\\\/armadorconstruction.com\\\/\"},{\"@type\":\"ListItem\",\"position\":2,\"name\":\"Biz kimiz?\"}]},{\"@type\":\"WebSite\",\"@id\":\"https:\\\/\\\/armadorconstruction.com\\\/#website\",\"url\":\"https:\\\/\\\/armadorconstruction.com\\\/\",\"name\":\"Armador construction\",\"description\":\"+25 y\u0131l\u0131 a\u015fk\u0131n s\u00fcredir hizmetinizde.\",\"publisher\":{\"@id\":\"https:\\\/\\\/armadorconstruction.com\\\/#organization\"},\"potentialAction\":[{\"@type\":\"SearchAction\",\"target\":{\"@type\":\"EntryPoint\",\"urlTemplate\":\"https:\\\/\\\/armadorconstruction.com\\\/?s={search_term_string}\"},\"query-input\":{\"@type\":\"PropertyValueSpecification\",\"valueRequired\":true,\"valueName\":\"search_term_string\"}}],\"inLanguage\":\"en-US\"},{\"@type\":\"Organization\",\"@id\":\"https:\\\/\\\/armadorconstruction.com\\\/#organization\",\"name\":\"Armador construction\",\"url\":\"https:\\\/\\\/armadorconstruction.com\\\/\",\"logo\":{\"@type\":\"ImageObject\",\"inLanguage\":\"en-US\",\"@id\":\"https:\\\/\\\/armadorconstruction.com\\\/#\\\/schema\\\/logo\\\/image\\\/\",\"url\":\"https:\\\/\\\/armadorconstruction.com\\\/wp-content\\\/uploads\\\/2026\\\/04\\\/cropped-logo-1.png\",\"contentUrl\":\"https:\\\/\\\/armadorconstruction.com\\\/wp-content\\\/uploads\\\/2026\\\/04\\\/cropped-logo-1.png\",\"width\":700,\"height\":550,\"caption\":\"Armador construction\"},\"image\":{\"@id\":\"https:\\\/\\\/armadorconstruction.com\\\/#\\\/schema\\\/logo\\\/image\\\/\"}}]}<\/script>\n<!-- \/ Yoast SEO plugin. -->","yoast_head_json":{"title":"Biz kimiz? - Armador construction","robots":{"index":"index","follow":"follow","max-snippet":"max-snippet:-1","max-image-preview":"max-image-preview:large","max-video-preview":"max-video-preview:-1"},"canonical":"https:\/\/armadorconstruction.com\/","og_locale":"en_US","og_type":"article","og_title":"Biz kimiz? - Armador construction","og_description":"\u00c7eyrek As\u0131rl\u0131k Tecr\u00fcbe, S\u0131n\u0131rlar\u0131 A\u015fan G\u00fcven Serdar Aky\u00fcz liderli\u011finde temelleri at\u0131lan firmam\u0131z, in\u015faat sekt\u00f6r\u00fcndeki 25 y\u0131l\u0131 a\u015fk\u0131n yolculu\u011funa bug\u00fcn ilk [&hellip;]","og_url":"https:\/\/armadorconstruction.com\/","og_site_name":"Armador construction","article_modified_time":"2026-04-28T10:40:18+00:00","twitter_card":"summary_large_image","schema":{"@context":"https:\/\/schema.org","@graph":[{"@type":"WebPage","@id":"https:\/\/armadorconstruction.com\/","url":"https:\/\/armadorconstruction.com\/","name":"Biz kimiz? - Armador construction","isPartOf":{"@id":"https:\/\/armadorconstruction.com\/#website"},"datePublished":"2026-04-28T10:35:49+00:00","dateModified":"2026-04-28T10:40:18+00:00","breadcrumb":{"@id":"https:\/\/armadorconstruction.com\/#breadcrumb"},"inLanguage":"en-US","potentialAction":[{"@type":"ReadAction","target":["https:\/\/armadorconstruction.com\/"]}]},{"@type":"BreadcrumbList","@id":"https:\/\/armadorconstruction.com\/#breadcrumb","itemListElement":[{"@type":"ListItem","position":1,"name":"Home","item":"https:\/\/armadorconstruction.com\/"},{"@type":"ListItem","position":2,"name":"Biz kimiz?"}]},{"@type":"WebSite","@id":"https:\/\/armadorconstruction.com\/#website","url":"https:\/\/armadorconstruction.com\/","name":"Armador construction","description":"+25 y\u0131l\u0131 a\u015fk\u0131n s\u00fcredir hizmetinizde.","publisher":{"@id":"https:\/\/armadorconstruction.com\/#organization"},"potentialAction":[{"@type":"SearchAction","target":{"@type":"EntryPoint","urlTemplate":"https:\/\/armadorconstruction.com\/?s={search_term_string}"},"query-input":{"@type":"PropertyValueSpecification","valueRequired":true,"valueName":"search_term_string"}}],"inLanguage":"en-US"},{"@type":"Organization","@id":"https:\/\/armadorconstruction.com\/#organization","name":"Armador construction","url":"https:\/\/armadorconstruction.com\/","logo":{"@type":"ImageObject","inLanguage":"en-US","@id":"https:\/\/armadorconstruction.com\/#\/schema\/logo\/image\/","url":"https:\/\/armadorconstruction.com\/wp-content\/uploads\/2026\/04\/cropped-logo-1.png","contentUrl":"https:\/\/armadorconstruction.com\/wp-content\/uploads\/2026\/04\/cropped-logo-1.png","width":700,"height":550,"caption":"Armador construction"},"image":{"@id":"https:\/\/armadorconstruction.com\/#\/schema\/logo\/image\/"}}]}},"brizy_media":[],"_links":{"self":[{"href":"https:\/\/armadorconstruction.com\/index.php?rest_route=\/wp\/v2\/pages\/295","targetHints":{"allow":["GET"]}}],"collection":[{"href":"https:\/\/armadorconstruction.com\/index.php?rest_route=\/wp\/v2\/pages"}],"about":[{"href":"https:\/\/armadorconstruction.com\/index.php?rest_route=\/wp\/v2\/types\/page"}],"author":[{"embeddable":true,"href":"https:\/\/armadorconstruction.com\/index.php?rest_route=\/wp\/v2\/users\/1"}],"replies":[{"embeddable":true,"href":"https:\/\/armadorconstruction.com\/index.php?rest_route=%2Fwp%2Fv2%2Fcomments&post=295"}],"version-history":[{"count":2,"href":"https:\/\/armadorconstruction.com\/index.php?rest_route=\/wp\/v2\/pages\/295\/revisions"}],"predecessor-version":[{"id":302,"href":"https:\/\/armadorconstruction.com\/index.php?rest_route=\/wp\/v2\/pages\/295\/revisions\/302"}],"wp:attachment":[{"href":"https:\/\/armadorconstruction.com\/index.php?rest_route=%2Fwp%2Fv2%2Fmedia&parent=295"}],"curies":[{"name":"wp","href":"https:\/\/api.w.org\/{rel}","templated":true}]}}